{"id":224,"date":"2018-12-30T19:52:30","date_gmt":"2018-12-30T18:52:30","guid":{"rendered":"https:\/\/www.firemni-intranet.cz.forrest.miniserver.cz.forrest.miniserver.cz\/?page_id=224"},"modified":"2023-03-09T16:33:26","modified_gmt":"2023-03-09T15:33:26","slug":"home","status":"publish","type":"page","link":"https:\/\/www.firemni-intranet.cz\/","title":{"rendered":"Home"},"content":{"rendered":"\t\t<div data-elementor-type=\"wp-post\" data-elementor-id=\"224\" class=\"elementor elementor-224\">\n\t\t\t\t\t\t<div class=\"elementor-inner\">\n\t\t\t\t<div class=\"elementor-section-wrap\">\n\t\t\t\t\t\t\t\t\t<section data-particle_enable=\"false\" data-particle-mobile-disabled=\"false\" class=\"elementor-section elementor-top-section elementor-element elementor-element-71ef7ee7 elementor-section-content-middle elementor-section-height-min-height elementor-section-boxed elementor-section-height-default elementor-section-items-middle\" data-id=\"71ef7ee7\" data-element_type=\"section\">\n\t\t\t\t\t\t<div class=\"elementor-container elementor-column-gap-no\">\n\t\t\t\t\t\t\t<div class=\"elementor-row\">\n\t\t\t\t\t<div class=\"elementor-column elementor-col-100 elementor-top-column elementor-element elementor-element-5a9a8ce8\" data-id=\"5a9a8ce8\" data-element_type=\"column\">\n\t\t\t<div class=\"elementor-column-wrap elementor-element-populated\">\n\t\t\t\t\t\t\t<div class=\"elementor-widget-wrap\">\n\t\t\t\t\t\t<div class=\"elementor-element elementor-element-5fed9c57 elementor-widget elementor-widget-heading\" data-id=\"5fed9c57\" data-element_type=\"widget\" data-widget_type=\"heading.default\">\n\t\t\t\t<div class=\"elementor-widget-container\">\n\t\t\t<h1 class=\"elementor-heading-title elementor-size-default\">FIREMN\u00cd INTRANET<\/h1>\t\t<\/div>\n\t\t\t\t<\/div>\n\t\t\t\t<div class=\"elementor-element elementor-element-74b2e4fe elementor-widget elementor-widget-text-editor\" data-id=\"74b2e4fe\" data-element_type=\"widget\" data-widget_type=\"text-editor.default\">\n\t\t\t\t<div class=\"elementor-widget-container\">\n\t\t\t\t\t\t\t\t<div class=\"elementor-text-editor elementor-clearfix\">\n\t\t\t\t<p>m\u00e1me pro v\u00e1s rychl\u00e9 a levn\u00e9 \u0159e\u0161en\u00ed<\/p>\t\t\t\t\t<\/div>\n\t\t\t\t\t\t<\/div>\n\t\t\t\t<\/div>\n\t\t\t\t<section data-particle_enable=\"false\" data-particle-mobile-disabled=\"false\" class=\"elementor-section elementor-inner-section elementor-element elementor-element-1b2bf6a elementor-section-content-middle elementor-section-boxed elementor-section-height-default elementor-section-height-default\" data-id=\"1b2bf6a\" data-element_type=\"section\">\n\t\t\t\t\t\t<div class=\"elementor-container elementor-column-gap-no\">\n\t\t\t\t\t\t\t<div class=\"elementor-row\">\n\t\t\t\t\t<div class=\"elementor-column elementor-col-100 elementor-inner-column elementor-element elementor-element-7cd8124a\" data-id=\"7cd8124a\" data-element_type=\"column\">\n\t\t\t<div class=\"elementor-column-wrap elementor-element-populated\">\n\t\t\t\t\t\t\t<div class=\"elementor-widget-wrap\">\n\t\t\t\t\t\t<div class=\"elementor-element elementor-element-2d7dc354 elementor-align-center elementor-widget elementor-widget-button\" data-id=\"2d7dc354\" data-element_type=\"widget\" data-widget_type=\"button.default\">\n\t\t\t\t<div class=\"elementor-widget-container\">\n\t\t\t\t\t<div class=\"elementor-button-wrapper\">\n\t\t\t<a class=\"elementor-button elementor-size-sm elementor-animation-grow\" role=\"button\">\n\t\t\t\t\t\t<span class=\"elementor-button-content-wrapper\">\n\t\t\t\t\t\t<span class=\"elementor-button-text\">ji\u017e brzy<\/span>\n\t\t<\/span>\n\t\t\t\t\t<\/a>\n\t\t<\/div>\n\t\t\t\t<\/div>\n\t\t\t\t<\/div>\n\t\t\t\t<div class=\"elementor-element elementor-element-c24e871 elementor-widget elementor-widget-text-editor\" data-id=\"c24e871\" data-element_type=\"widget\" data-widget_type=\"text-editor.default\">\n\t\t\t\t<div class=\"elementor-widget-container\">\n\t\t\t\t\t\t\t\t<div class=\"elementor-text-editor elementor-clearfix\">\n\t\t\t\t<p>Intranet je v informatice ozna\u010den\u00ed pro \u010d\u00e1st po\u010d\u00edta\u010dov\u00e9 s\u00edt\u011b, kter\u00e1 pou\u017e\u00edv\u00e1 stejn\u00e9 technologie jako Internet (rodinu protokol\u016f TCP\/IP, p\u0159enosov\u00fd protokol HTTP atp.). Na rozd\u00edl od Internetu je v\u0161ak intranet priv\u00e1tn\u00ed (\u201esoukrom\u00fd\u201c, \u201eintern\u00ed\u201c), tj. jeho vyu\u017e\u00edv\u00e1n\u00ed je omezeno na malou skupinu u\u017eivatel\u016f (nap\u0159\u00edklad pracovn\u00edci firmy, \u0161koly).<\/p><p>St\u00e1le \u010dast\u011bji se intranet pou\u017e\u00edv\u00e1 pro poskytov\u00e1n\u00ed n\u00e1stroj\u016f a aplikac\u00ed. Pro usnadn\u011bn\u00ed pr\u00e1ce ve skupin\u00e1ch a telekonference nebo pro sofistikovan\u00e9 firemn\u00ed adres\u00e1\u0159e, prodeje a\u00a0\u0159\u00edzen\u00ed vztah\u016f se z\u00e1kazn\u00edky\u00a0n\u00e1stroj\u016f projektov\u00e9ho \u0159\u00edzen\u00ed apod.<\/p><p>Intranet se tak\u00e9 pou\u017e\u00edv\u00e1 jako firemn\u00ed f\u00f3rum pro zam\u011bstnance, kde se zam\u011bstnanci pod\u00edl\u00ed na kl\u00ed\u010dov\u00fdch ot\u00e1zk\u00e1ch, co\u017e m\u016f\u017ee v\u00e9st k nov\u00fdm n\u00e1pad\u016fm v oblasti managementu, produktivity \u010di jin\u00fdch firemn\u00edch z\u00e1le\u017eitostech.<\/p><p>Je-li sou\u010d\u00e1st\u00ed intranetu zp\u0159\u00edstupn\u011bn\u00ed z\u00e1kazn\u00edk\u016fm i ostatn\u00edm lidem mimo podnik, tato \u010d\u00e1st intranetu se st\u00e1v\u00e1 sou\u010d\u00e1st\u00ed\u00a0extranetu. Podniky mohou pos\u00edlat soukrom\u00e9 zpr\u00e1vy prost\u0159ednictv\u00edm ve\u0159ejn\u00e9 s\u00edt\u011b, pomoc\u00ed speci\u00e1ln\u00edho \u0161ifrov\u00e1n\u00ed\/de\u0161ifrov\u00e1n\u00ed dat a dal\u0161\u00edch bezpe\u010dnostn\u00edch z\u00e1ruk pro p\u0159ipojen\u00ed jedn\u00e9 \u010d\u00e1sti sv\u00e9ho intranetu na jin\u00fd.<\/p><p>Vzhledem k rozsahu, mno\u017estv\u00ed obsahu a mno\u017estv\u00ed syst\u00e9mov\u00fdch rozhran\u00ed, je intranet v mnoha organizac\u00edch mnohem slo\u017eit\u011bj\u0161\u00ed, ne\u017e jejich ve\u0159ejn\u00e9\u00a0internetov\u00e9 str\u00e1nky. Pou\u017e\u00edv\u00e1n\u00ed intranetu v posledn\u00ed dob\u011b rychle roste.<\/p><p>Zdroj: <a href=\"https:\/\/cs.wikipedia.org\/wiki\/Intranet\" target=\"_blank\" rel=\"noopener\">WIKIPEDIA<\/a><\/p>\t\t\t\t\t<\/div>\n\t\t\t\t\t\t<\/div>\n\t\t\t\t<\/div>\n\t\t\t\t\t\t<\/div>\n\t\t\t\t\t<\/div>\n\t\t<\/div>\n\t\t\t\t\t\t\t\t<\/div>\n\t\t\t\t\t<\/div>\n\t\t<\/section>\n\t\t\t\t\t\t<\/div>\n\t\t\t\t\t<\/div>\n\t\t<\/div>\n\t\t\t\t\t\t\t\t<\/div>\n\t\t\t\t\t<\/div>\n\t\t<\/section>\n\t\t\t\t\t\t\t\t\t<\/div>\n\t\t\t<\/div>\n\t\t\t\t\t<\/div>\n\t\t","protected":false},"excerpt":{"rendered":"<p>FIREMN\u00cd INTRANET m\u00e1me pro v\u00e1s rychl\u00e9 a levn\u00e9 \u0159e\u0161en\u00ed ji\u017e brzy Intranet je v informatice ozna\u010den\u00ed pro \u010d\u00e1st po\u010d\u00edta\u010dov\u00e9 s\u00edt\u011b, kter\u00e1 pou\u017e\u00edv\u00e1 stejn\u00e9 technologie jako Internet (rodinu protokol\u016f TCP\/IP, p\u0159enosov\u00fd protokol HTTP atp.). Na rozd\u00edl od Internetu je v\u0161ak intranet priv\u00e1tn\u00ed (\u201esoukrom\u00fd\u201c, \u201eintern\u00ed\u201c), tj. jeho vyu\u017e\u00edv\u00e1n\u00ed je omezeno na malou skupinu u\u017eivatel\u016f (nap\u0159\u00edklad pracovn\u00edci firmy, [&hellip;]<\/p>\n","protected":false},"author":1,"featured_media":0,"parent":0,"menu_order":0,"comment_status":"closed","ping_status":"closed","template":"elementor_header_footer","meta":[],"_links":{"self":[{"href":"https:\/\/www.firemni-intranet.cz\/index.php?rest_route=\/wp\/v2\/pages\/224"}],"collection":[{"href":"https:\/\/www.firemni-intranet.cz\/index.php?rest_route=\/wp\/v2\/pages"}],"about":[{"href":"https:\/\/www.firemni-intranet.cz\/index.php?rest_route=\/wp\/v2\/types\/page"}],"author":[{"embeddable":true,"href":"https:\/\/www.firemni-intranet.cz\/index.php?rest_route=\/wp\/v2\/users\/1"}],"replies":[{"embeddable":true,"href":"https:\/\/www.firemni-intranet.cz\/index.php?rest_route=%2Fwp%2Fv2%2Fcomments&post=224"}],"version-history":[{"count":25,"href":"https:\/\/www.firemni-intranet.cz\/index.php?rest_route=\/wp\/v2\/pages\/224\/revisions"}],"predecessor-version":[{"id":1196,"href":"https:\/\/www.firemni-intranet.cz\/index.php?rest_route=\/wp\/v2\/pages\/224\/revisions\/1196"}],"wp:attachment":[{"href":"https:\/\/www.firemni-intranet.cz\/index.php?rest_route=%2Fwp%2Fv2%2Fmedia&parent=224"}],"curies":[{"name":"wp","href":"https:\/\/api.w.org\/{rel}","templated":true}]}}